{"id":243,"date":"2013-03-02T15:29:46","date_gmt":"2013-03-02T14:29:46","guid":{"rendered":"http:\/\/rpi-lacharmee.fr\/?page_id=243"},"modified":"2021-07-12T17:40:41","modified_gmt":"2021-07-12T16:40:41","slug":"administratif","status":"publish","type":"page","link":"https:\/\/rpi-lacharmee.fr\/?page_id=243","title":{"rendered":"Administratif"},"content":{"rendered":"<div class=\"members-access-error\">D\u00e9sol\u00e9, vous ne disposez pas des droits n\u00e9cessaires.<\/div>\n","protected":false},"excerpt":{"rendered":"<div class=\"members-access-error\">D\u00e9sol\u00e9, vous ne disposez pas des droits n\u00e9cessaires.<\/div>\n","protected":false},"author":1,"featured_media":0,"parent":0,"menu_order":0,"comment_status":"closed","ping_status":"closed","template":"","meta":{"_acf_changed":false,"_mc_calendar":[],"footnotes":""},"class_list":["post-243","page","type-page","status-publish","hentry"],"acf":[],"_links":{"self":[{"href":"https:\/\/rpi-lacharmee.fr\/index.php?rest_route=\/wp\/v2\/pages\/243","targetHints":{"allow":["GET"]}}],"collection":[{"href":"https:\/\/rpi-lacharmee.fr\/index.php?rest_route=\/wp\/v2\/pages"}],"about":[{"href":"https:\/\/rpi-lacharmee.fr\/index.php?rest_route=\/wp\/v2\/types\/page"}],"author":[{"embeddable":true,"href":"https:\/\/rpi-lacharmee.fr\/index.php?rest_route=\/wp\/v2\/users\/1"}],"replies":[{"embeddable":true,"href":"https:\/\/rpi-lacharmee.fr\/index.php?rest_route=%2Fwp%2Fv2%2Fcomments&post=243"}],"version-history":[{"count":190,"href":"https:\/\/rpi-lacharmee.fr\/index.php?rest_route=\/wp\/v2\/pages\/243\/revisions"}],"predecessor-version":[{"id":67938,"href":"https:\/\/rpi-lacharmee.fr\/index.php?rest_route=\/wp\/v2\/pages\/243\/revisions\/67938"}],"wp:attachment":[{"href":"https:\/\/rpi-lacharmee.fr\/index.php?rest_route=%2Fwp%2Fv2%2Fmedia&parent=243"}],"curies":[{"name":"wp","href":"https:\/\/api.w.org\/{rel}","templated":true}]}}