{"id":43,"date":"2013-02-19T09:23:00","date_gmt":"2013-02-19T08:23:00","guid":{"rendered":"http:\/\/rpi-lacharmee.fr\/?page_id=43"},"modified":"2025-07-17T13:57:48","modified_gmt":"2025-07-17T12:57:48","slug":"la-charmee","status":"publish","type":"page","link":"https:\/\/rpi-lacharmee.fr\/?page_id=43","title":{"rendered":"LA CHARMEE"},"content":{"rendered":"<div class=\"members-access-error\">D\u00e9sol\u00e9, vous n&rsquo;avez pas les droits d&rsquo;acc\u00e8s n\u00e9cessaires.<\/div>\n","protected":false},"excerpt":{"rendered":"<div class=\"members-access-error\">D\u00e9sol\u00e9, vous n&rsquo;avez pas les droits d&rsquo;acc\u00e8s n\u00e9cessaires.<\/div>\n","protected":false},"author":1,"featured_media":0,"parent":0,"menu_order":0,"comment_status":"closed","ping_status":"closed","template":"","meta":{"_acf_changed":false,"_mc_calendar":[],"footnotes":""},"class_list":["post-43","page","type-page","status-publish","hentry"],"acf":[],"_links":{"self":[{"href":"https:\/\/rpi-lacharmee.fr\/index.php?rest_route=\/wp\/v2\/pages\/43","targetHints":{"allow":["GET"]}}],"collection":[{"href":"https:\/\/rpi-lacharmee.fr\/index.php?rest_route=\/wp\/v2\/pages"}],"about":[{"href":"https:\/\/rpi-lacharmee.fr\/index.php?rest_route=\/wp\/v2\/types\/page"}],"author":[{"embeddable":true,"href":"https:\/\/rpi-lacharmee.fr\/index.php?rest_route=\/wp\/v2\/users\/1"}],"replies":[{"embeddable":true,"href":"https:\/\/rpi-lacharmee.fr\/index.php?rest_route=%2Fwp%2Fv2%2Fcomments&post=43"}],"version-history":[{"count":30,"href":"https:\/\/rpi-lacharmee.fr\/index.php?rest_route=\/wp\/v2\/pages\/43\/revisions"}],"predecessor-version":[{"id":77821,"href":"https:\/\/rpi-lacharmee.fr\/index.php?rest_route=\/wp\/v2\/pages\/43\/revisions\/77821"}],"wp:attachment":[{"href":"https:\/\/rpi-lacharmee.fr\/index.php?rest_route=%2Fwp%2Fv2%2Fmedia&parent=43"}],"curies":[{"name":"wp","href":"https:\/\/api.w.org\/{rel}","templated":true}]}}