{"id":72453,"date":"2023-04-12T17:10:00","date_gmt":"2023-04-12T16:10:00","guid":{"rendered":"http:\/\/rpi-lacharmee.fr\/?page_id=72453"},"modified":"2025-08-21T16:35:07","modified_gmt":"2025-08-21T15:35:07","slug":"rentree-2023","status":"publish","type":"page","link":"https:\/\/rpi-lacharmee.fr\/?page_id=72453","title":{"rendered":"Rentr\u00e9e 2025"},"content":{"rendered":"<p><span style=\"font-size: 12pt;\"><strong><span style=\"color: #ff0000;\">Pour une inscription, envoyer un mail \u00e0 l&rsquo;\u00e9cole de La Charm\u00e9e: <a href=\"mailto:la.charmee.ecole@wanadoo.fr\">la.charmee.ecole@wanadoo.fr<\/a><\/span><\/strong><\/span><\/p>\n<p><strong><span style=\"color: #000080; font-size: 12pt;\">Rentr\u00e9e le lundi 1er septembre:<\/span><\/strong><\/p>\n<p><strong><span style=\"color: #000080; font-size: 12pt;\">Horaires (bus et \u00e9coles): <a href=\"https:\/\/rpi-lacharmee.fr\/wp-content\/uploads\/2025\/08\/Horaires-ecole-bus-2026.pdf\">Horaires \u00e9cole + bus 2026<\/a><br \/>\n<\/span><\/strong><\/p>\n<p><strong><span style=\"color: #000080; font-size: 12pt;\">Calendrier scolaire:\u00a0<a href=\"https:\/\/rpi-lacharmee.fr\/wp-content\/uploads\/2025\/05\/Calendrier-scolaire-2025-2026.pdf\">Calendrier scolaire 2025-2026<\/a><\/span><\/strong><\/p>\n<p><span style=\"font-size: 14pt; color: #000080;\"><i>Pour des renseignements compl\u00e9mentaires:<br \/>\n<\/i>Ecole de La Charm\u00e9e :\u00a0\u00a0 <strong><em>T\u00e9l\u00e9phone<\/em>:\u00a0 <\/strong><i><strong>0385949096\u00a0\u00a0\u00a0\u00a0\u00a0\u00a0\u00a0 Mail<\/strong> :<a href=\"mailto:la.charmee.ecole@wanadoo.fr\"><img loading=\"lazy\" decoding=\"async\" class=\"alignnone size-full wp-image-7876\" src=\"https:\/\/rpi-lacharmee.fr\/wp-content\/uploads\/2015\/08\/lettre_3.gif\" alt=\"lettre_3\" width=\"14\" height=\"15\" \/><\/a><\/i><\/span><\/p>\n\n","protected":false},"excerpt":{"rendered":"<p>Pour une inscription, envoyer un mail \u00e0 l&rsquo;\u00e9cole de La Charm\u00e9e: la.charmee.ecole@wanadoo.fr Rentr\u00e9e le lundi 1er septembre: Horaires (bus et \u00e9coles): Horaires \u00e9cole + bus 2026 Calendrier scolaire:\u00a0Calendrier scolaire 2025-2026 [&hellip;]<\/p>\n","protected":false},"author":1,"featured_media":0,"parent":0,"menu_order":0,"comment_status":"closed","ping_status":"closed","template":"","meta":{"_acf_changed":false,"_mc_calendar":[],"footnotes":""},"class_list":["post-72453","page","type-page","status-publish","hentry"],"acf":[],"_links":{"self":[{"href":"https:\/\/rpi-lacharmee.fr\/index.php?rest_route=\/wp\/v2\/pages\/72453","targetHints":{"allow":["GET"]}}],"collection":[{"href":"https:\/\/rpi-lacharmee.fr\/index.php?rest_route=\/wp\/v2\/pages"}],"about":[{"href":"https:\/\/rpi-lacharmee.fr\/index.php?rest_route=\/wp\/v2\/types\/page"}],"author":[{"embeddable":true,"href":"https:\/\/rpi-lacharmee.fr\/index.php?rest_route=\/wp\/v2\/users\/1"}],"replies":[{"embeddable":true,"href":"https:\/\/rpi-lacharmee.fr\/index.php?rest_route=%2Fwp%2Fv2%2Fcomments&post=72453"}],"version-history":[{"count":8,"href":"https:\/\/rpi-lacharmee.fr\/index.php?rest_route=\/wp\/v2\/pages\/72453\/revisions"}],"predecessor-version":[{"id":77829,"href":"https:\/\/rpi-lacharmee.fr\/index.php?rest_route=\/wp\/v2\/pages\/72453\/revisions\/77829"}],"wp:attachment":[{"href":"https:\/\/rpi-lacharmee.fr\/index.php?rest_route=%2Fwp%2Fv2%2Fmedia&parent=72453"}],"curies":[{"name":"wp","href":"https:\/\/api.w.org\/{rel}","templated":true}]}}